{"id":147,"date":"2017-12-15T06:57:54","date_gmt":"2017-12-15T06:57:54","guid":{"rendered":"https:\/\/jobunt.com\/\/?page_id=582"},"modified":"2025-02-13T08:22:30","modified_gmt":"2025-02-13T08:22:30","slug":"contact-us","status":"publish","type":"page","link":"https:\/\/careerfy.onlineinsightshub.com\/fr\/contact-us\/","title":{"rendered":"Contactez Nous"},"content":{"rendered":"<div class=\"wpb-content-wrapper\"><p>[vc_row el_class=\u00a0\u00bbcontact-form\u00a0\u00bb css=\u00a0\u00bb.vc_custom_1722411851133{margin-bottom: 60px !important;}\u00a0\u00bb][vc_column css=\u00a0\u00bb.vc_custom_1513342549016{margin-top: -105px !important;}\u00a0\u00bb]    <div class=\"careerfy-contact-info-sec\">\r\n                    <h2>Contact<\/h2>\r\n                    <ul class=\"careerfy-contact-info-list\">\r\n                            <li><i class=\"careerfy-icon careerfy-map-marker\"><\/i> Niagara Falls, Ontario, Canada<\/li>\r\n                                <li><i class=\"careerfy-icon careerfy-envelope\"><\/i> <a\r\n                            href=\"mailto:Please use contact form\">Email: Please use contact form<\/a>\r\n                <\/li>\r\n                        <\/ul>\r\n                    <div class=\"careerfy-contact-media\">\r\n                            <\/div>\r\n            <\/div>\r\n    <div class=\"careerfy-contact-form\">\r\n                    <h2>Remplissez le formulaire ci-dessous et nous vous r\u00e9pondrons.<\/h2>\r\n                        <form autocomplete=\"off\" id=\"ct-form-1631744\"\r\n                  data-ajax-url=\"https:\/\/careerfy.onlineinsightshub.com\/wp-admin\/admin-ajax.php\" method=\"post\">\r\n                <ul>\r\n                    <li>\r\n                        <input type=\"text\" name=\"u_name\"\r\n                               placeholder=\"Votre Nom\">\r\n                        <i class=\"careerfy-icon careerfy-user\"><\/i>\r\n                    <\/li>\r\n                    <li>\r\n                        <input placeholder=\"Sujet\" type=\"text\"\r\n                               name=\"u_subject\">\r\n                        <i class=\"careerfy-icon careerfy-user\"><\/i>\r\n                    <\/li>\r\n                    <li>\r\n                        <input placeholder=\"Saississez votre email\"\r\n                               type=\"text\" name=\"u_email\">\r\n                        <i class=\"careerfy-icon careerfy-mail\"><\/i>\r\n                    <\/li>\r\n                    <li>\r\n                        <input placeholder=\"Saisissez votre num\u00e9ro de t\u00e9l\u00e9phone\"\r\n                               type=\"text\" name=\"u_number\">\r\n                        <i class=\"careerfy-icon careerfy-technology\"><\/i>\r\n                    <\/li>\r\n                    <li class=\"careerfy-contact-form-full\">\r\n                        <textarea name=\"u_msg\"\r\n                                  placeholder=\"Saississez votre message\"><\/textarea>\r\n                    <\/li>\r\n                    <li>\r\n                        <input type=\"submit\" class=\"careerfy-ct-form\" data-id=\"1631744\"\r\n                               value=\"Envoyez\">\r\n                        <span class=\"careerfy-bt-msg careerfy-ct-msg\"><\/span>\r\n                        <input type=\"hidden\" name=\"u_type\" value=\"content\"\/>\r\n                    <\/li>\r\n                <\/ul>\r\n            <\/form>\r\n                <\/div>\r\n    [\/vc_column][\/vc_row][vc_row css=\u00a0\u00bb.vc_custom_1513341545024{padding-top: 80px !important;padding-bottom: 45px !important;background-color: #f9f9f9 !important;}\u00a0\u00bb][vc_column]\r\n    <div class=\"contact-service\">\r\n        <ul class=\"row\">\r\n        \r\n    <li class=\"col-md-4\">\r\n        <h2>Lisez nos blogs r\u00e9cents<\/h2>\r\n        <i class=\"careerfy-icon careerfy-newspaper\"><\/i>\r\n        <a href=\"\/career-blog\/\">Nos Blogs<\/a>\r\n    <\/li>\r\n    <li class=\"col-md-4\">\r\n        <h2>Vous Avez une Question?<\/h2>\r\n        <i class=\"careerfy-icon careerfy-discuss-issue\"><\/i>\r\n        <a href=\"\/faqs\/\">Nos FAQ<\/a>\r\n    <\/li>\r\n        <\/ul>\r\n    <\/div>\n[\/vc_column][\/vc_row]<\/p>\n<\/div>","protected":false},"excerpt":{"rendered":"<p>[vc_row el_class=\u00a0\u00bbcontact-form\u00a0\u00bb css=\u00a0\u00bb.vc_custom_1722411851133{margin-bottom: 60px !important;}\u00a0\u00bb][vc_column css=\u00a0\u00bb.vc_custom_1513342549016{margin-top: -105px !important;}\u00a0\u00bb][\/vc_column][\/vc_row][vc_row css=\u00a0\u00bb.vc_custom_1513341545024{padding-top: 80px !important;padding-bottom: 45px !important;background-color: #f9f9f9 !important;}\u00a0\u00bb][vc_column][\/vc_column][\/vc_row]<\/p>\n","protected":false},"author":1,"featured_media":0,"parent":0,"menu_order":0,"comment_status":"closed","ping_status":"closed","template":"","meta":{"footnotes":""},"class_list":["post-147","page","type-page","status-publish","hentry"],"translation":{"provider":"WPGlobus","version":"3.0.0","language":"fr","enabled_languages":["en","fr"],"languages":{"en":{"title":true,"content":true,"excerpt":false},"fr":{"title":true,"content":true,"excerpt":false}}},"_links":{"self":[{"href":"https:\/\/careerfy.onlineinsightshub.com\/fr\/wp-json\/wp\/v2\/pages\/147","targetHints":{"allow":["GET"]}}],"collection":[{"href":"https:\/\/careerfy.onlineinsightshub.com\/fr\/wp-json\/wp\/v2\/pages"}],"about":[{"href":"https:\/\/careerfy.onlineinsightshub.com\/fr\/wp-json\/wp\/v2\/types\/page"}],"author":[{"embeddable":true,"href":"https:\/\/careerfy.onlineinsightshub.com\/fr\/wp-json\/wp\/v2\/users\/1"}],"replies":[{"embeddable":true,"href":"https:\/\/careerfy.onlineinsightshub.com\/fr\/wp-json\/wp\/v2\/comments?post=147"}],"version-history":[{"count":9,"href":"https:\/\/careerfy.onlineinsightshub.com\/fr\/wp-json\/wp\/v2\/pages\/147\/revisions"}],"predecessor-version":[{"id":7305,"href":"https:\/\/careerfy.onlineinsightshub.com\/fr\/wp-json\/wp\/v2\/pages\/147\/revisions\/7305"}],"wp:attachment":[{"href":"https:\/\/careerfy.onlineinsightshub.com\/fr\/wp-json\/wp\/v2\/media?parent=147"}],"curies":[{"name":"wp","href":"https:\/\/api.w.org\/{rel}","templated":true}]}}